{"id":13,"date":"2026-02-26T10:56:07","date_gmt":"2026-02-26T10:56:07","guid":{"rendered":"https:\/\/restauranteeider.rkinformatika.online\/?page_id=13"},"modified":"2026-02-27T16:21:33","modified_gmt":"2026-02-27T16:21:33","slug":"servicios","status":"publish","type":"page","link":"https:\/\/restauranteeider.com\/eu\/servicios\/","title":{"rendered":"Zerbitzuak"},"content":{"rendered":"\t\t<div data-elementor-type=\"wp-page\" data-elementor-id=\"13\" class=\"elementor elementor-13\" data-elementor-post-type=\"page\">\n\t\t\t\t<div class=\"elementor-element elementor-element-1f05f502 e-con-full e-flex e-con e-parent\" data-id=\"1f05f502\" data-element_type=\"container\" data-e-type=\"container\" data-settings=\"{&quot;background_background&quot;:&quot;classic&quot;,&quot;background_motion_fx_motion_fx_scrolling&quot;:&quot;yes&quot;,&quot;background_motion_fx_devices&quot;:[&quot;desktop&quot;,&quot;tablet&quot;,&quot;mobile&quot;]}\">\n\t\t<div class=\"elementor-element elementor-element-69142f45 e-grid e-con-full e-con e-child\" data-id=\"69142f45\" data-element_type=\"container\" data-e-type=\"container\">\n\t\t<div class=\"elementor-element elementor-element-2ab1dd89 e-con-full e-flex e-con e-child\" data-id=\"2ab1dd89\" data-element_type=\"container\" data-e-type=\"container\" data-settings=\"{&quot;background_background&quot;:&quot;classic&quot;}\">\n\t\t<div class=\"elementor-element elementor-element-65f1ee7b e-con-full e-flex e-con e-child\" data-id=\"65f1ee7b\" data-element_type=\"container\" data-e-type=\"container\" data-settings=\"{&quot;background_background&quot;:&quot;classic&quot;}\">\n\t\t\t\t<\/div>\n\t\t<div class=\"elementor-element elementor-element-dc7c80 e-con-full e-flex e-con e-child\" data-id=\"dc7c80\" data-element_type=\"container\" data-e-type=\"container\" data-settings=\"{&quot;background_background&quot;:&quot;classic&quot;}\">\n\t\t\t\t<div class=\"elementor-element elementor-element-74c14402 elementor-widget elementor-widget-heading\" data-id=\"74c14402\" data-element_type=\"widget\" data-e-type=\"widget\" data-widget_type=\"heading.default\">\n\t\t\t\t\t<h2 class=\"elementor-heading-title elementor-size-default\">Desayunos Completo<\/h2>\t\t\t\t<\/div>\n\t\t\t\t<div class=\"elementor-element elementor-element-3c9eb23e elementor-widget elementor-widget-text-editor\" data-id=\"3c9eb23e\" data-element_type=\"widget\" data-e-type=\"widget\" data-widget_type=\"text-editor.default\">\n\t\t\t\t\t\t\t\t\t<p data-start=\"410\" data-end=\"565\">Empieza el d\u00eda con energ\u00eda con nuestros desayunos variados: caf\u00e9 reci\u00e9n hecho, tostadas, boller\u00eda y opciones cl\u00e1sicas preparadas al momento.<\/p>\t\t\t\t\t\t\t\t<\/div>\n\t\t\t\t<\/div>\n\t\t\t\t<\/div>\n\t\t<div class=\"elementor-element elementor-element-6b4a6f6b e-con-full e-flex e-con e-child\" data-id=\"6b4a6f6b\" data-element_type=\"container\" data-e-type=\"container\" data-settings=\"{&quot;background_background&quot;:&quot;classic&quot;}\">\n\t\t<div class=\"elementor-element elementor-element-7f0d3e8c e-con-full e-flex e-con e-child\" data-id=\"7f0d3e8c\" data-element_type=\"container\" data-e-type=\"container\" data-settings=\"{&quot;background_background&quot;:&quot;classic&quot;}\">\n\t\t\t\t<\/div>\n\t\t<div class=\"elementor-element elementor-element-63f24f43 e-con-full e-flex e-con e-child\" data-id=\"63f24f43\" data-element_type=\"container\" data-e-type=\"container\" data-settings=\"{&quot;background_background&quot;:&quot;classic&quot;}\">\n\t\t\t\t<div class=\"elementor-element elementor-element-2520fa51 elementor-widget elementor-widget-heading\" data-id=\"2520fa51\" data-element_type=\"widget\" data-e-type=\"widget\" data-widget_type=\"heading.default\">\n\t\t\t\t\t<h2 class=\"elementor-heading-title elementor-size-default\">Men\u00fa del D\u00eda Casero<\/h2>\t\t\t\t<\/div>\n\t\t\t\t<div class=\"elementor-element elementor-element-1c010b8e elementor-widget elementor-widget-text-editor\" data-id=\"1c010b8e\" data-element_type=\"widget\" data-e-type=\"widget\" data-widget_type=\"text-editor.default\">\n\t\t\t\t\t\t\t\t\t<p data-start=\"459\" data-end=\"544\">Cada d\u00eda ofrecemos un men\u00fa completo con primeros y segundos platos elaborados con ingredientes frescos y sabor tradicional.<\/p>\t\t\t\t\t\t\t\t<\/div>\n\t\t\t\t<\/div>\n\t\t\t\t<\/div>\n\t\t<div class=\"elementor-element elementor-element-4a14ffe8 e-con-full e-flex e-con e-child\" data-id=\"4a14ffe8\" data-element_type=\"container\" data-e-type=\"container\" data-settings=\"{&quot;background_background&quot;:&quot;classic&quot;}\">\n\t\t<div class=\"elementor-element elementor-element-7b3c114c e-con-full e-flex e-con e-child\" data-id=\"7b3c114c\" data-element_type=\"container\" data-e-type=\"container\" data-settings=\"{&quot;background_background&quot;:&quot;classic&quot;}\">\n\t\t\t\t<\/div>\n\t\t<div class=\"elementor-element elementor-element-2a56493f e-con-full e-flex e-con e-child\" data-id=\"2a56493f\" data-element_type=\"container\" data-e-type=\"container\" data-settings=\"{&quot;background_background&quot;:&quot;classic&quot;}\">\n\t\t\t\t<div class=\"elementor-element elementor-element-403f5fb1 elementor-widget elementor-widget-heading\" data-id=\"403f5fb1\" data-element_type=\"widget\" data-e-type=\"widget\" data-widget_type=\"heading.default\">\n\t\t\t\t\t<h2 class=\"elementor-heading-title elementor-size-default\">Pintxos Tradicionales<\/h2>\t\t\t\t<\/div>\n\t\t\t\t<div class=\"elementor-element elementor-element-23135544 elementor-widget elementor-widget-text-editor\" data-id=\"23135544\" data-element_type=\"widget\" data-e-type=\"widget\" data-widget_type=\"text-editor.default\">\n\t\t\t\t\t\t\t\t\t<p>Disfruta de una gran variedad de pintxos preparados al estilo tradicional, perfectos para acompa\u00f1ar con una bebida en buen ambiente.<\/p>\t\t\t\t\t\t\t\t<\/div>\n\t\t\t\t<\/div>\n\t\t\t\t<\/div>\n\t\t<div class=\"elementor-element elementor-element-5fce5d80 e-con-full e-flex e-con e-child\" data-id=\"5fce5d80\" data-element_type=\"container\" data-e-type=\"container\" data-settings=\"{&quot;background_background&quot;:&quot;classic&quot;}\">\n\t\t<div class=\"elementor-element elementor-element-517d157 e-con-full e-flex e-con e-child\" data-id=\"517d157\" data-element_type=\"container\" data-e-type=\"container\" data-settings=\"{&quot;background_background&quot;:&quot;classic&quot;}\">\n\t\t\t\t<\/div>\n\t\t<div class=\"elementor-element elementor-element-6633b966 e-con-full e-flex e-con e-child\" data-id=\"6633b966\" data-element_type=\"container\" data-e-type=\"container\" data-settings=\"{&quot;background_background&quot;:&quot;classic&quot;}\">\n\t\t\t\t<div class=\"elementor-element elementor-element-3c168c89 elementor-widget elementor-widget-heading\" data-id=\"3c168c89\" data-element_type=\"widget\" data-e-type=\"widget\" data-widget_type=\"heading.default\">\n\t\t\t\t\t<h2 class=\"elementor-heading-title elementor-size-default\">Hamburguesas y Raciones<\/h2>\t\t\t\t<\/div>\n\t\t\t\t<div class=\"elementor-element elementor-element-44f87cb2 elementor-widget elementor-widget-text-editor\" data-id=\"44f87cb2\" data-element_type=\"widget\" data-e-type=\"widget\" data-widget_type=\"text-editor.default\">\n\t\t\t\t\t\t\t\t\t<p>Hamburguesas jugosas y raciones ideales para compartir. Opciones sabrosas y abundantes para disfrutar en cualquier momento del d\u00eda.v<\/p>\t\t\t\t\t\t\t\t<\/div>\n\t\t\t\t<\/div>\n\t\t\t\t<\/div>\n\t\t<div class=\"elementor-element elementor-element-68c744f e-con-full e-flex e-con e-child\" data-id=\"68c744f\" data-element_type=\"container\" data-e-type=\"container\" data-settings=\"{&quot;background_background&quot;:&quot;classic&quot;}\">\n\t\t<div class=\"elementor-element elementor-element-79bd1346 e-con-full e-flex e-con e-child\" data-id=\"79bd1346\" data-element_type=\"container\" data-e-type=\"container\" data-settings=\"{&quot;background_background&quot;:&quot;classic&quot;}\">\n\t\t\t\t<\/div>\n\t\t<div class=\"elementor-element elementor-element-1612964d e-con-full e-flex e-con e-child\" data-id=\"1612964d\" data-element_type=\"container\" data-e-type=\"container\" data-settings=\"{&quot;background_background&quot;:&quot;classic&quot;}\">\n\t\t\t\t<div class=\"elementor-element elementor-element-539da166 elementor-widget elementor-widget-heading\" data-id=\"539da166\" data-element_type=\"widget\" data-e-type=\"widget\" data-widget_type=\"heading.default\">\n\t\t\t\t\t<h2 class=\"elementor-heading-title elementor-size-default\">Comida Casera<\/h2>\t\t\t\t<\/div>\n\t\t\t\t<div class=\"elementor-element elementor-element-5f8ec59c elementor-widget elementor-widget-text-editor\" data-id=\"5f8ec59c\" data-element_type=\"widget\" data-e-type=\"widget\" data-widget_type=\"text-editor.default\">\n\t\t\t\t\t\t\t\t\t<p>Platos tradicionales preparados como en casa. Recetas aut\u00e9nticas que destacan por su sabor y calidad.<\/p>\t\t\t\t\t\t\t\t<\/div>\n\t\t\t\t<\/div>\n\t\t\t\t<\/div>\n\t\t<div class=\"elementor-element elementor-element-61843064 e-con-full e-flex e-con e-child\" data-id=\"61843064\" data-element_type=\"container\" data-e-type=\"container\" data-settings=\"{&quot;background_background&quot;:&quot;classic&quot;}\">\n\t\t<div class=\"elementor-element elementor-element-5888ef3b e-con-full e-flex e-con e-child\" data-id=\"5888ef3b\" data-element_type=\"container\" data-e-type=\"container\" data-settings=\"{&quot;background_background&quot;:&quot;classic&quot;}\">\n\t\t\t\t<\/div>\n\t\t<div class=\"elementor-element elementor-element-153b4ad1 e-con-full e-flex e-con e-child\" data-id=\"153b4ad1\" data-element_type=\"container\" data-e-type=\"container\" data-settings=\"{&quot;background_background&quot;:&quot;classic&quot;}\">\n\t\t\t\t<div class=\"elementor-element elementor-element-4d9fd2cd elementor-widget elementor-widget-heading\" data-id=\"4d9fd2cd\" data-element_type=\"widget\" data-e-type=\"widget\" data-widget_type=\"heading.default\">\n\t\t\t\t\t<h2 class=\"elementor-heading-title elementor-size-default\">Sandwiches y Platos Combinados<\/h2>\t\t\t\t<\/div>\n\t\t\t\t<div class=\"elementor-element elementor-element-6c6737e7 elementor-widget elementor-widget-text-editor\" data-id=\"6c6737e7\" data-element_type=\"widget\" data-e-type=\"widget\" data-widget_type=\"text-editor.default\">\n\t\t\t\t\t\t\t\t\t<p>Opciones r\u00e1pidas y completas para comer bien a cualquier hora. Perfecto para una comida informal o una cena ligera.<\/p>\t\t\t\t\t\t\t\t<\/div>\n\t\t\t\t<\/div>\n\t\t\t\t<\/div>\n\t\t\t\t<\/div>\n\t\t\t\t<\/div>\n\t\t\t\t<\/div>\n\t\t","protected":false},"excerpt":{"rendered":"<p>Desayunos Completo Empieza el d\u00eda con energ\u00eda con nuestros desayunos variados: caf\u00e9 reci\u00e9n hecho, tostadas, boller\u00eda y opciones cl\u00e1sicas preparadas al momento. Men\u00fa del D\u00eda Casero Cada d\u00eda ofrecemos un men\u00fa completo con primeros y segundos platos elaborados con ingredientes frescos y sabor tradicional. Pintxos Tradicionales Disfruta de una gran variedad de pintxos preparados al [&hellip;]<\/p>\n","protected":false},"author":1,"featured_media":0,"parent":0,"menu_order":0,"comment_status":"closed","ping_status":"closed","template":"elementor_canvas","meta":{"footnotes":""},"class_list":["post-13","page","type-page","status-publish","hentry"],"yoast_head":"<!-- This site is optimized with the Yoast SEO plugin v27.4 - https:\/\/yoast.com\/product\/yoast-seo-wordpress\/ -->\n<title>Servicios - Restaurante Eider<\/title>\n<meta name=\"robots\" content=\"index, follow, max-snippet:-1, max-image-preview:large, max-video-preview:-1\" \/>\n<link rel=\"canonical\" href=\"https:\/\/restauranteeider.com\/eu\/servicios\/\" \/>\n<meta property=\"og:locale\" content=\"en_US\" \/>\n<meta property=\"og:type\" content=\"article\" \/>\n<meta property=\"og:title\" content=\"Servicios - Restaurante Eider\" \/>\n<meta property=\"og:description\" content=\"Desayunos Completo Empieza el d\u00eda con energ\u00eda con nuestros desayunos variados: caf\u00e9 reci\u00e9n hecho, tostadas, boller\u00eda y opciones cl\u00e1sicas preparadas al momento. Men\u00fa del D\u00eda Casero Cada d\u00eda ofrecemos un men\u00fa completo con primeros y segundos platos elaborados con ingredientes frescos y sabor tradicional. Pintxos Tradicionales Disfruta de una gran variedad de pintxos preparados al [&hellip;]\" \/>\n<meta property=\"og:url\" content=\"https:\/\/restauranteeider.com\/eu\/servicios\/\" \/>\n<meta property=\"og:site_name\" content=\"Restaurante Eider\" \/>\n<meta property=\"article:modified_time\" content=\"2026-02-27T16:21:33+00:00\" \/>\n<meta name=\"twitter:card\" content=\"summary_large_image\" \/>\n<meta name=\"twitter:label1\" content=\"Est. reading time\" \/>\n\t<meta name=\"twitter:data1\" content=\"1 minutua\" \/>\n<script type=\"application\/ld+json\" class=\"yoast-schema-graph\">{\"@context\":\"https:\\\/\\\/schema.org\",\"@graph\":[{\"@type\":\"WebPage\",\"@id\":\"https:\\\/\\\/restauranteeider.com\\\/servicios\\\/\",\"url\":\"https:\\\/\\\/restauranteeider.com\\\/servicios\\\/\",\"name\":\"Servicios - Restaurante Eider\",\"isPartOf\":{\"@id\":\"https:\\\/\\\/restauranteeider.com\\\/#website\"},\"datePublished\":\"2026-02-26T10:56:07+00:00\",\"dateModified\":\"2026-02-27T16:21:33+00:00\",\"breadcrumb\":{\"@id\":\"https:\\\/\\\/restauranteeider.com\\\/servicios\\\/#breadcrumb\"},\"inLanguage\":\"eu\",\"potentialAction\":[{\"@type\":\"ReadAction\",\"target\":[\"https:\\\/\\\/restauranteeider.com\\\/servicios\\\/\"]}]},{\"@type\":\"BreadcrumbList\",\"@id\":\"https:\\\/\\\/restauranteeider.com\\\/servicios\\\/#breadcrumb\",\"itemListElement\":[{\"@type\":\"ListItem\",\"position\":1,\"name\":\"Portada\",\"item\":\"https:\\\/\\\/restauranteeider.com\\\/\"},{\"@type\":\"ListItem\",\"position\":2,\"name\":\"Servicios\"}]},{\"@type\":\"WebSite\",\"@id\":\"https:\\\/\\\/restauranteeider.com\\\/#website\",\"url\":\"https:\\\/\\\/restauranteeider.com\\\/\",\"name\":\"Restaurante Eider\",\"description\":\"\",\"publisher\":{\"@id\":\"https:\\\/\\\/restauranteeider.com\\\/#organization\"},\"potentialAction\":[{\"@type\":\"SearchAction\",\"target\":{\"@type\":\"EntryPoint\",\"urlTemplate\":\"https:\\\/\\\/restauranteeider.com\\\/?s={search_term_string}\"},\"query-input\":{\"@type\":\"PropertyValueSpecification\",\"valueRequired\":true,\"valueName\":\"search_term_string\"}}],\"inLanguage\":\"eu\"},{\"@type\":\"Organization\",\"@id\":\"https:\\\/\\\/restauranteeider.com\\\/#organization\",\"name\":\"Restaurante Eider\",\"url\":\"https:\\\/\\\/restauranteeider.com\\\/\",\"logo\":{\"@type\":\"ImageObject\",\"inLanguage\":\"eu\",\"@id\":\"https:\\\/\\\/restauranteeider.com\\\/#\\\/schema\\\/logo\\\/image\\\/\",\"url\":\"https:\\\/\\\/restauranteeider.com\\\/wp-content\\\/uploads\\\/2026\\\/02\\\/restauranteeider202506_logoarriba.jpg\",\"contentUrl\":\"https:\\\/\\\/restauranteeider.com\\\/wp-content\\\/uploads\\\/2026\\\/02\\\/restauranteeider202506_logoarriba.jpg\",\"width\":346,\"height\":222,\"caption\":\"Restaurante Eider\"},\"image\":{\"@id\":\"https:\\\/\\\/restauranteeider.com\\\/#\\\/schema\\\/logo\\\/image\\\/\"}}]}<\/script>\n<!-- \/ Yoast SEO plugin. -->","yoast_head_json":{"title":"Servicios - Restaurante Eider","robots":{"index":"index","follow":"follow","max-snippet":"max-snippet:-1","max-image-preview":"max-image-preview:large","max-video-preview":"max-video-preview:-1"},"canonical":"https:\/\/restauranteeider.com\/eu\/servicios\/","og_locale":"en_US","og_type":"article","og_title":"Servicios - Restaurante Eider","og_description":"Desayunos Completo Empieza el d\u00eda con energ\u00eda con nuestros desayunos variados: caf\u00e9 reci\u00e9n hecho, tostadas, boller\u00eda y opciones cl\u00e1sicas preparadas al momento. Men\u00fa del D\u00eda Casero Cada d\u00eda ofrecemos un men\u00fa completo con primeros y segundos platos elaborados con ingredientes frescos y sabor tradicional. Pintxos Tradicionales Disfruta de una gran variedad de pintxos preparados al [&hellip;]","og_url":"https:\/\/restauranteeider.com\/eu\/servicios\/","og_site_name":"Restaurante Eider","article_modified_time":"2026-02-27T16:21:33+00:00","twitter_card":"summary_large_image","twitter_misc":{"Est. reading time":"1 minutua"},"schema":{"@context":"https:\/\/schema.org","@graph":[{"@type":"WebPage","@id":"https:\/\/restauranteeider.com\/servicios\/","url":"https:\/\/restauranteeider.com\/servicios\/","name":"Servicios - Restaurante Eider","isPartOf":{"@id":"https:\/\/restauranteeider.com\/#website"},"datePublished":"2026-02-26T10:56:07+00:00","dateModified":"2026-02-27T16:21:33+00:00","breadcrumb":{"@id":"https:\/\/restauranteeider.com\/servicios\/#breadcrumb"},"inLanguage":"eu","potentialAction":[{"@type":"ReadAction","target":["https:\/\/restauranteeider.com\/servicios\/"]}]},{"@type":"BreadcrumbList","@id":"https:\/\/restauranteeider.com\/servicios\/#breadcrumb","itemListElement":[{"@type":"ListItem","position":1,"name":"Portada","item":"https:\/\/restauranteeider.com\/"},{"@type":"ListItem","position":2,"name":"Servicios"}]},{"@type":"WebSite","@id":"https:\/\/restauranteeider.com\/#website","url":"https:\/\/restauranteeider.com\/","name":"Restaurante Eider","description":"","publisher":{"@id":"https:\/\/restauranteeider.com\/#organization"},"potentialAction":[{"@type":"SearchAction","target":{"@type":"EntryPoint","urlTemplate":"https:\/\/restauranteeider.com\/?s={search_term_string}"},"query-input":{"@type":"PropertyValueSpecification","valueRequired":true,"valueName":"search_term_string"}}],"inLanguage":"eu"},{"@type":"Organization","@id":"https:\/\/restauranteeider.com\/#organization","name":"Restaurante Eider","url":"https:\/\/restauranteeider.com\/","logo":{"@type":"ImageObject","inLanguage":"eu","@id":"https:\/\/restauranteeider.com\/#\/schema\/logo\/image\/","url":"https:\/\/restauranteeider.com\/wp-content\/uploads\/2026\/02\/restauranteeider202506_logoarriba.jpg","contentUrl":"https:\/\/restauranteeider.com\/wp-content\/uploads\/2026\/02\/restauranteeider202506_logoarriba.jpg","width":346,"height":222,"caption":"Restaurante Eider"},"image":{"@id":"https:\/\/restauranteeider.com\/#\/schema\/logo\/image\/"}}]}},"_links":{"self":[{"href":"https:\/\/restauranteeider.com\/eu\/wp-json\/wp\/v2\/pages\/13","targetHints":{"allow":["GET"]}}],"collection":[{"href":"https:\/\/restauranteeider.com\/eu\/wp-json\/wp\/v2\/pages"}],"about":[{"href":"https:\/\/restauranteeider.com\/eu\/wp-json\/wp\/v2\/types\/page"}],"author":[{"embeddable":true,"href":"https:\/\/restauranteeider.com\/eu\/wp-json\/wp\/v2\/users\/1"}],"replies":[{"embeddable":true,"href":"https:\/\/restauranteeider.com\/eu\/wp-json\/wp\/v2\/comments?post=13"}],"version-history":[{"count":13,"href":"https:\/\/restauranteeider.com\/eu\/wp-json\/wp\/v2\/pages\/13\/revisions"}],"predecessor-version":[{"id":193,"href":"https:\/\/restauranteeider.com\/eu\/wp-json\/wp\/v2\/pages\/13\/revisions\/193"}],"wp:attachment":[{"href":"https:\/\/restauranteeider.com\/eu\/wp-json\/wp\/v2\/media?parent=13"}],"curies":[{"name":"wp","href":"https:\/\/api.w.org\/{rel}","templated":true}]}}