{"id":28,"date":"2026-02-26T10:56:12","date_gmt":"2026-02-26T10:56:12","guid":{"rendered":"https:\/\/restauranteeider.rkinformatika.online\/?page_id=28"},"modified":"2026-02-27T15:58:24","modified_gmt":"2026-02-27T15:58:24","slug":"inicio","status":"publish","type":"page","link":"https:\/\/restauranteeider.com\/eu\/","title":{"rendered":"Hasiera"},"content":{"rendered":"\t\t<div data-elementor-type=\"wp-page\" data-elementor-id=\"28\" class=\"elementor elementor-28\" data-elementor-post-type=\"page\">\n\t\t\t\t<div class=\"elementor-element elementor-element-4f4b9d5 e-con-full e-flex e-con e-parent\" data-id=\"4f4b9d5\" data-element_type=\"container\" data-e-type=\"container\" data-settings=\"{&quot;background_background&quot;:&quot;classic&quot;}\">\n\t\t\t\t<div class=\"elementor-element elementor-element-4bd3aa8b elementor-widget elementor-widget-heading\" data-id=\"4bd3aa8b\" data-element_type=\"widget\" data-e-type=\"widget\" data-widget_type=\"heading.default\">\n\t\t\t\t\t<h2 class=\"elementor-heading-title elementor-size-default\">Desayuno, Comida y Cena en el Coraz\u00f3n del Casco Viejo<\/h2>\t\t\t\t<\/div>\n\t\t\t\t<div class=\"elementor-element elementor-element-1361cb4c elementor-widget elementor-widget-text-editor\" data-id=\"1361cb4c\" data-element_type=\"widget\" data-e-type=\"widget\" data-widget_type=\"text-editor.default\">\n\t\t\t\t\t\t\t\t\t<p data-start=\"319\" data-end=\"413\">Disfruta de pintxos, hamburguesas y comida casera en un ambiente cercano y familiar en Bilbao.<\/p>\t\t\t\t\t\t\t\t<\/div>\n\t\t\t\t<div class=\"elementor-element elementor-element-7b9519dd elementor-tablet-align-center elementor-mobile-align-center elementor-widget elementor-widget-button\" data-id=\"7b9519dd\" data-element_type=\"widget\" data-e-type=\"widget\" data-widget_type=\"button.default\">\n\t\t\t\t\t\t\t\t\t\t<a class=\"elementor-button elementor-button-link elementor-size-sm\" href=\"\/carta\">\n\t\t\t\t\t\t<span class=\"elementor-button-content-wrapper\">\n\t\t\t\t\t\t\t\t\t<span class=\"elementor-button-text\">Ver Carta<\/span>\n\t\t\t\t\t<\/span>\n\t\t\t\t\t<\/a>\n\t\t\t\t\t\t\t\t<\/div>\n\t\t\t\t<\/div>\n\t\t<div class=\"elementor-element elementor-element-6df9ce24 e-con-full e-flex e-con e-parent\" data-id=\"6df9ce24\" data-element_type=\"container\" data-e-type=\"container\" data-settings=\"{&quot;background_background&quot;:&quot;classic&quot;}\">\n\t\t\t\t<div class=\"elementor-element elementor-element-5682274 elementor-widget elementor-widget-heading\" data-id=\"5682274\" data-element_type=\"widget\" data-e-type=\"widget\" data-widget_type=\"heading.default\">\n\t\t\t\t\t<h2 class=\"elementor-heading-title elementor-size-default\">Cerca de ti, desde hace 11 a\u00f1os<\/h2>\t\t\t\t<\/div>\n\t\t\t\t<div class=\"elementor-element elementor-element-43ef2e86 elementor-widget__width-initial elementor-widget elementor-widget-text-editor\" data-id=\"43ef2e86\" data-element_type=\"widget\" data-e-type=\"widget\" data-widget_type=\"text-editor.default\">\n\t\t\t\t\t\t\t\t\t<p data-start=\"525\" data-end=\"707\">Bar Restaurante Eider es un punto de encuentro en el Casco Viejo de Bilbao. Con m\u00e1s de 11 a\u00f1os de experiencia, ofrecemos desayunos, comidas y cenas con un sabor casero y aut\u00e9ntico.<\/p><p data-start=\"709\" data-end=\"932\">Trabajamos cada d\u00eda para que disfrutes de platos bien preparados, buen ambiente y un trato cercano. Ya sea para un caf\u00e9 por la ma\u00f1ana, un men\u00fa al mediod\u00eda o una cena tranquila, aqu\u00ed siempre encontrar\u00e1s algo que te apetezca.<\/p>\t\t\t\t\t\t\t\t<\/div>\n\t\t\t\t<\/div>\n\t\t<div class=\"elementor-element elementor-element-1c8adde3 e-con-full e-flex e-con e-parent\" data-id=\"1c8adde3\" data-element_type=\"container\" data-e-type=\"container\" data-settings=\"{&quot;background_background&quot;:&quot;classic&quot;}\">\n\t\t<div class=\"elementor-element elementor-element-3537ba55 e-flex e-con-boxed e-con e-child\" data-id=\"3537ba55\" data-element_type=\"container\" data-e-type=\"container\">\n\t\t\t\t\t<div class=\"e-con-inner\">\n\t\t<div class=\"elementor-element elementor-element-576751c6 e-grid e-con-full stack-parent e-con e-child\" data-id=\"576751c6\" data-element_type=\"container\" data-e-type=\"container\" data-settings=\"{&quot;motion_fx_motion_fx_scrolling&quot;:&quot;yes&quot;,&quot;motion_fx_devices&quot;:[&quot;desktop&quot;,&quot;tablet&quot;,&quot;mobile&quot;]}\">\n\t\t<div class=\"elementor-element elementor-element-3b71e2c6 e-con-full card-left stacked-card e-flex e-con e-child\" data-id=\"3b71e2c6\" data-element_type=\"container\" data-e-type=\"container\" data-settings=\"{&quot;background_background&quot;:&quot;classic&quot;,&quot;motion_fx_motion_fx_scrolling&quot;:&quot;yes&quot;,&quot;motion_fx_motion_fx_mouse&quot;:&quot;yes&quot;,&quot;animation&quot;:&quot;none&quot;,&quot;motion_fx_devices&quot;:[&quot;desktop&quot;,&quot;tablet&quot;,&quot;mobile&quot;]}\">\n\t\t<div class=\"elementor-element elementor-element-fc7809e e-con-full e-flex e-con e-child\" data-id=\"fc7809e\" data-element_type=\"container\" data-e-type=\"container\" data-settings=\"{&quot;background_background&quot;:&quot;classic&quot;}\">\n\t\t\t\t<\/div>\n\t\t\t\t<div class=\"elementor-element elementor-element-28e67a14 elementor-widget elementor-widget-heading\" data-id=\"28e67a14\" data-element_type=\"widget\" data-e-type=\"widget\" data-widget_type=\"heading.default\">\n\t\t\t\t\t<h2 class=\"elementor-heading-title elementor-size-default\">Desayunos y Men\u00fa del D\u00eda<\/h2>\t\t\t\t<\/div>\n\t\t\t\t<div class=\"elementor-element elementor-element-4d9f42b2 elementor-widget elementor-widget-text-editor\" data-id=\"4d9f42b2\" data-element_type=\"widget\" data-e-type=\"widget\" data-widget_type=\"text-editor.default\">\n\t\t\t\t\t\t\t\t\t<p data-start=\"411\" data-end=\"585\">Empieza la ma\u00f1ana con energ\u00eda o disfruta de nuestro men\u00fa diario completo. Platos caseros preparados al momento, con ingredientes frescos y el sabor de siempre.<\/p>\t\t\t\t\t\t\t\t<\/div>\n\t\t\t\t<\/div>\n\t\t<div class=\"elementor-element elementor-element-176b2945 e-con-full card-middle stacked-card e-flex e-con e-child\" data-id=\"176b2945\" data-element_type=\"container\" data-e-type=\"container\" data-settings=\"{&quot;background_background&quot;:&quot;classic&quot;}\">\n\t\t<div class=\"elementor-element elementor-element-095332d e-con-full e-flex e-con e-child\" data-id=\"095332d\" data-element_type=\"container\" data-e-type=\"container\" data-settings=\"{&quot;background_background&quot;:&quot;classic&quot;}\">\n\t\t\t\t<\/div>\n\t\t\t\t<div class=\"elementor-element elementor-element-4fe34d89 elementor-widget elementor-widget-heading\" data-id=\"4fe34d89\" data-element_type=\"widget\" data-e-type=\"widget\" data-widget_type=\"heading.default\">\n\t\t\t\t\t<h2 class=\"elementor-heading-title elementor-size-default\">Hamburguesas, Pintxos y Raciones<\/h2>\t\t\t\t<\/div>\n\t\t\t\t<div class=\"elementor-element elementor-element-5651008c elementor-widget elementor-widget-text-editor\" data-id=\"5651008c\" data-element_type=\"widget\" data-e-type=\"widget\" data-widget_type=\"text-editor.default\">\n\t\t\t\t\t\t\t\t\t<p>Desde hamburguesas jugosas hasta pintxos tradicionales y raciones para compartir. Perfecto para una comida informal o un plan con amigos en el Casco Viejo.<\/p>\t\t\t\t\t\t\t\t<\/div>\n\t\t\t\t<\/div>\n\t\t<div class=\"elementor-element elementor-element-ead6300 e-con-full card-right stacked-card e-flex e-con e-child\" data-id=\"ead6300\" data-element_type=\"container\" data-e-type=\"container\" data-settings=\"{&quot;background_background&quot;:&quot;classic&quot;}\">\n\t\t<div class=\"elementor-element elementor-element-b89469b e-con-full e-flex e-con e-child\" data-id=\"b89469b\" data-element_type=\"container\" data-e-type=\"container\" data-settings=\"{&quot;background_background&quot;:&quot;classic&quot;}\">\n\t\t\t\t<\/div>\n\t\t\t\t<div class=\"elementor-element elementor-element-2e187168 elementor-widget elementor-widget-heading\" data-id=\"2e187168\" data-element_type=\"widget\" data-e-type=\"widget\" data-widget_type=\"heading.default\">\n\t\t\t\t\t<h2 class=\"elementor-heading-title elementor-size-default\">Comida Casera Todo el D\u00eda<\/h2>\t\t\t\t<\/div>\n\t\t\t\t<div class=\"elementor-element elementor-element-1014fb10 elementor-widget elementor-widget-text-editor\" data-id=\"1014fb10\" data-element_type=\"widget\" data-e-type=\"widget\" data-widget_type=\"text-editor.default\">\n\t\t\t\t\t\t\t\t\t<p>Platos caseros, sandwiches y opciones para desayuno, comida y cena. Variedad, calidad y precios accesibles en un ambiente cercano y familiar.<\/p>\t\t\t\t\t\t\t\t<\/div>\n\t\t\t\t<\/div>\n\t\t\t\t<\/div>\n\t\t\t\t<div class=\"elementor-element elementor-element-6c3027cd elementor-widget elementor-widget-html\" data-id=\"6c3027cd\" data-element_type=\"widget\" data-e-type=\"widget\" data-widget_type=\"html.default\">\n\t\t\t\t\t<style>\n\/* 1. Base Setup for the Cards *\/\n.stacked-card {\n    transition: transform 1.2s cubic-bezier(0.22, 1, 0.36, 1), opacity 0.8s ease;\n    will-change: transform;\n}\n\n\/* 2. Initial \"Stacked\" Positions (Before Scroll) *\/\n.card-left {\n    \/* Moves card right and tilts it behind middle *\/\n    transform: translateX(220px) rotate(-15deg); \n    z-index: 5;\n}\n\n.card-middle {\n    \/* Middle stays centered but higher z-index *\/\n    transform: scale(1.02);\n    z-index: 10;\n}\n\n.card-right {\n    \/* Moves card left and tilts it behind middle *\/\n    transform: translateX(-220px) rotate(15deg);\n    z-index: 5;\n}\n\n\/* 3. The \"Active\" State (The Reset to 0) *\/\n\/* This triggers when the .is-active class is added via JS *\/\n.stack-parent.is-active .card-left,\n.stack-parent.is-active .card-right {\n    transform: translateX(0) rotate(0deg);\n}\n\n.stack-parent.is-active .card-middle {\n    transform: scale(1);\n}\n\n\/* 4. Mobile Responsiveness *\/\n\/* We usually want to disable the rotation on small screens *\/\n@media (max-width: 767px) {\n    .card-left, .card-right {\n        transform: translateX(0) rotate(0deg) !important;\n    }\n}\n<\/style>\n\n<script>\ndocument.addEventListener('DOMContentLoaded', function() {\n    const observerOptions = {\n        root: null,\n        \/* rootMargin: Top, Right, Bottom, Left *\/\n        \/* This ensures the cards rotate back before they fully leave the screen *\/\n        rootMargin: '-40% 0px -40% 0px', \n        threshold: 0 \n    };\n\n    const observer = new IntersectionObserver((entries) => {\n        entries.forEach(entry => {\n            if (entry.isIntersecting) {\n                \/\/ When entering the \"window\", straighten the cards\n                entry.target.classList.add('is-active');\n            } else {\n                \/\/ When leaving (scrolling up OR down), rotate them back\n                entry.target.classList.remove('is-active');\n            }\n        });\n    }, observerOptions);\n\n    const target = document.querySelector('.stack-parent');\n    if (target) {\n        observer.observe(target);\n    }\n});\n<\/script>\t\t\t\t<\/div>\n\t\t\t\t\t<\/div>\n\t\t\t\t<\/div>\n\t\t\t\t<\/div>\n\t\t<div class=\"elementor-element elementor-element-582a0c9b e-con-full e-flex e-con e-parent\" data-id=\"582a0c9b\" data-element_type=\"container\" data-e-type=\"container\" data-settings=\"{&quot;background_background&quot;:&quot;classic&quot;}\">\n\t\t\t\t<div class=\"elementor-element elementor-element-42ff74a7 elementor-widget elementor-widget-heading\" data-id=\"42ff74a7\" data-element_type=\"widget\" data-e-type=\"widget\" data-widget_type=\"heading.default\">\n\t\t\t\t\t<h2 class=\"elementor-heading-title elementor-size-default\">Ven a disfrutar del aut\u00e9ntico sabor casero<\/h2>\t\t\t\t<\/div>\n\t\t\t\t<div class=\"elementor-element elementor-element-1700601a elementor-widget elementor-widget-text-editor\" data-id=\"1700601a\" data-element_type=\"widget\" data-e-type=\"widget\" data-widget_type=\"text-editor.default\">\n\t\t\t\t\t\t\t\t\t<p>Te esperamos en C\/ Sendeja 6, Casco Viejo, Bilbao.<br data-start=\"1590\" data-end=\"1593\" \/>Abierto todos los d\u00edas de 9:30 a 22:30.<\/p>\t\t\t\t\t\t\t\t<\/div>\n\t\t\t\t<div class=\"elementor-element elementor-element-7b08fc5e elementor-tablet-align-center elementor-mobile-align-center elementor-align-center elementor-widget elementor-widget-button\" data-id=\"7b08fc5e\" data-element_type=\"widget\" data-e-type=\"widget\" data-widget_type=\"button.default\">\n\t\t\t\t\t\t\t\t\t\t<a class=\"elementor-button elementor-button-link elementor-size-sm\" href=\"\/contacto\">\n\t\t\t\t\t\t<span class=\"elementor-button-content-wrapper\">\n\t\t\t\t\t\t\t\t\t<span class=\"elementor-button-text\">Contactanos!<\/span>\n\t\t\t\t\t<\/span>\n\t\t\t\t\t<\/a>\n\t\t\t\t\t\t\t\t<\/div>\n\t\t\t\t<\/div>\n\t\t\t\t<\/div>\n\t\t","protected":false},"excerpt":{"rendered":"<p>Desayuno, Comida y Cena en el Coraz\u00f3n del Casco Viejo Disfruta de pintxos, hamburguesas y comida casera en un ambiente cercano y familiar en Bilbao. Ver Carta Cerca de ti, desde hace 11 a\u00f1os Bar Restaurante Eider es un punto de encuentro en el Casco Viejo de Bilbao. Con m\u00e1s de 11 a\u00f1os de experiencia, [&hellip;]<\/p>\n","protected":false},"author":1,"featured_media":0,"parent":0,"menu_order":0,"comment_status":"closed","ping_status":"closed","template":"elementor_canvas","meta":{"footnotes":""},"class_list":["post-28","page","type-page","status-publish","hentry"],"yoast_head":"<!-- This site is optimized with the Yoast SEO plugin v27.4 - https:\/\/yoast.com\/product\/yoast-seo-wordpress\/ -->\n<title>Inicio - Restaurante Eider<\/title>\n<meta name=\"robots\" content=\"index, follow, max-snippet:-1, max-image-preview:large, max-video-preview:-1\" \/>\n<link rel=\"canonical\" href=\"https:\/\/restauranteeider.com\/eu\/\" \/>\n<meta property=\"og:locale\" content=\"en_US\" \/>\n<meta property=\"og:type\" content=\"article\" \/>\n<meta property=\"og:title\" content=\"Inicio - Restaurante Eider\" \/>\n<meta property=\"og:description\" content=\"Desayuno, Comida y Cena en el Coraz\u00f3n del Casco Viejo Disfruta de pintxos, hamburguesas y comida casera en un ambiente cercano y familiar en Bilbao. Ver Carta Cerca de ti, desde hace 11 a\u00f1os Bar Restaurante Eider es un punto de encuentro en el Casco Viejo de Bilbao. Con m\u00e1s de 11 a\u00f1os de experiencia, [&hellip;]\" \/>\n<meta property=\"og:url\" content=\"https:\/\/restauranteeider.com\/eu\/\" \/>\n<meta property=\"og:site_name\" content=\"Restaurante Eider\" \/>\n<meta property=\"article:modified_time\" content=\"2026-02-27T15:58:24+00:00\" \/>\n<meta name=\"twitter:card\" content=\"summary_large_image\" \/>\n<meta name=\"twitter:label1\" content=\"Est. reading time\" \/>\n\t<meta name=\"twitter:data1\" content=\"2 minutua\" \/>\n<script type=\"application\/ld+json\" class=\"yoast-schema-graph\">{\"@context\":\"https:\\\/\\\/schema.org\",\"@graph\":[{\"@type\":\"WebPage\",\"@id\":\"https:\\\/\\\/restauranteeider.com\\\/\",\"url\":\"https:\\\/\\\/restauranteeider.com\\\/\",\"name\":\"Inicio - Restaurante Eider\",\"isPartOf\":{\"@id\":\"https:\\\/\\\/restauranteeider.com\\\/#website\"},\"datePublished\":\"2026-02-26T10:56:12+00:00\",\"dateModified\":\"2026-02-27T15:58:24+00:00\",\"breadcrumb\":{\"@id\":\"https:\\\/\\\/restauranteeider.com\\\/#breadcrumb\"},\"inLanguage\":\"eu\",\"potentialAction\":[{\"@type\":\"ReadAction\",\"target\":[\"https:\\\/\\\/restauranteeider.com\\\/\"]}]},{\"@type\":\"BreadcrumbList\",\"@id\":\"https:\\\/\\\/restauranteeider.com\\\/#breadcrumb\",\"itemListElement\":[{\"@type\":\"ListItem\",\"position\":1,\"name\":\"Portada\",\"item\":\"https:\\\/\\\/restauranteeider.com\\\/\"},{\"@type\":\"ListItem\",\"position\":2,\"name\":\"Inicio\"}]},{\"@type\":\"WebSite\",\"@id\":\"https:\\\/\\\/restauranteeider.com\\\/#website\",\"url\":\"https:\\\/\\\/restauranteeider.com\\\/\",\"name\":\"Restaurante Eider\",\"description\":\"\",\"publisher\":{\"@id\":\"https:\\\/\\\/restauranteeider.com\\\/#organization\"},\"potentialAction\":[{\"@type\":\"SearchAction\",\"target\":{\"@type\":\"EntryPoint\",\"urlTemplate\":\"https:\\\/\\\/restauranteeider.com\\\/?s={search_term_string}\"},\"query-input\":{\"@type\":\"PropertyValueSpecification\",\"valueRequired\":true,\"valueName\":\"search_term_string\"}}],\"inLanguage\":\"eu\"},{\"@type\":\"Organization\",\"@id\":\"https:\\\/\\\/restauranteeider.com\\\/#organization\",\"name\":\"Restaurante Eider\",\"url\":\"https:\\\/\\\/restauranteeider.com\\\/\",\"logo\":{\"@type\":\"ImageObject\",\"inLanguage\":\"eu\",\"@id\":\"https:\\\/\\\/restauranteeider.com\\\/#\\\/schema\\\/logo\\\/image\\\/\",\"url\":\"https:\\\/\\\/restauranteeider.com\\\/wp-content\\\/uploads\\\/2026\\\/02\\\/restauranteeider202506_logoarriba.jpg\",\"contentUrl\":\"https:\\\/\\\/restauranteeider.com\\\/wp-content\\\/uploads\\\/2026\\\/02\\\/restauranteeider202506_logoarriba.jpg\",\"width\":346,\"height\":222,\"caption\":\"Restaurante Eider\"},\"image\":{\"@id\":\"https:\\\/\\\/restauranteeider.com\\\/#\\\/schema\\\/logo\\\/image\\\/\"}}]}<\/script>\n<!-- \/ Yoast SEO plugin. -->","yoast_head_json":{"title":"Inicio - Restaurante Eider","robots":{"index":"index","follow":"follow","max-snippet":"max-snippet:-1","max-image-preview":"max-image-preview:large","max-video-preview":"max-video-preview:-1"},"canonical":"https:\/\/restauranteeider.com\/eu\/","og_locale":"en_US","og_type":"article","og_title":"Inicio - Restaurante Eider","og_description":"Desayuno, Comida y Cena en el Coraz\u00f3n del Casco Viejo Disfruta de pintxos, hamburguesas y comida casera en un ambiente cercano y familiar en Bilbao. Ver Carta Cerca de ti, desde hace 11 a\u00f1os Bar Restaurante Eider es un punto de encuentro en el Casco Viejo de Bilbao. Con m\u00e1s de 11 a\u00f1os de experiencia, [&hellip;]","og_url":"https:\/\/restauranteeider.com\/eu\/","og_site_name":"Restaurante Eider","article_modified_time":"2026-02-27T15:58:24+00:00","twitter_card":"summary_large_image","twitter_misc":{"Est. reading time":"2 minutua"},"schema":{"@context":"https:\/\/schema.org","@graph":[{"@type":"WebPage","@id":"https:\/\/restauranteeider.com\/","url":"https:\/\/restauranteeider.com\/","name":"Inicio - Restaurante Eider","isPartOf":{"@id":"https:\/\/restauranteeider.com\/#website"},"datePublished":"2026-02-26T10:56:12+00:00","dateModified":"2026-02-27T15:58:24+00:00","breadcrumb":{"@id":"https:\/\/restauranteeider.com\/#breadcrumb"},"inLanguage":"eu","potentialAction":[{"@type":"ReadAction","target":["https:\/\/restauranteeider.com\/"]}]},{"@type":"BreadcrumbList","@id":"https:\/\/restauranteeider.com\/#breadcrumb","itemListElement":[{"@type":"ListItem","position":1,"name":"Portada","item":"https:\/\/restauranteeider.com\/"},{"@type":"ListItem","position":2,"name":"Inicio"}]},{"@type":"WebSite","@id":"https:\/\/restauranteeider.com\/#website","url":"https:\/\/restauranteeider.com\/","name":"Restaurante Eider","description":"","publisher":{"@id":"https:\/\/restauranteeider.com\/#organization"},"potentialAction":[{"@type":"SearchAction","target":{"@type":"EntryPoint","urlTemplate":"https:\/\/restauranteeider.com\/?s={search_term_string}"},"query-input":{"@type":"PropertyValueSpecification","valueRequired":true,"valueName":"search_term_string"}}],"inLanguage":"eu"},{"@type":"Organization","@id":"https:\/\/restauranteeider.com\/#organization","name":"Restaurante Eider","url":"https:\/\/restauranteeider.com\/","logo":{"@type":"ImageObject","inLanguage":"eu","@id":"https:\/\/restauranteeider.com\/#\/schema\/logo\/image\/","url":"https:\/\/restauranteeider.com\/wp-content\/uploads\/2026\/02\/restauranteeider202506_logoarriba.jpg","contentUrl":"https:\/\/restauranteeider.com\/wp-content\/uploads\/2026\/02\/restauranteeider202506_logoarriba.jpg","width":346,"height":222,"caption":"Restaurante Eider"},"image":{"@id":"https:\/\/restauranteeider.com\/#\/schema\/logo\/image\/"}}]}},"_links":{"self":[{"href":"https:\/\/restauranteeider.com\/eu\/wp-json\/wp\/v2\/pages\/28","targetHints":{"allow":["GET"]}}],"collection":[{"href":"https:\/\/restauranteeider.com\/eu\/wp-json\/wp\/v2\/pages"}],"about":[{"href":"https:\/\/restauranteeider.com\/eu\/wp-json\/wp\/v2\/types\/page"}],"author":[{"embeddable":true,"href":"https:\/\/restauranteeider.com\/eu\/wp-json\/wp\/v2\/users\/1"}],"replies":[{"embeddable":true,"href":"https:\/\/restauranteeider.com\/eu\/wp-json\/wp\/v2\/comments?post=28"}],"version-history":[{"count":40,"href":"https:\/\/restauranteeider.com\/eu\/wp-json\/wp\/v2\/pages\/28\/revisions"}],"predecessor-version":[{"id":165,"href":"https:\/\/restauranteeider.com\/eu\/wp-json\/wp\/v2\/pages\/28\/revisions\/165"}],"wp:attachment":[{"href":"https:\/\/restauranteeider.com\/eu\/wp-json\/wp\/v2\/media?parent=28"}],"curies":[{"name":"wp","href":"https:\/\/api.w.org\/{rel}","templated":true}]}}